{"id":1136,"date":"2024-12-04T12:02:11","date_gmt":"2024-12-04T11:02:11","guid":{"rendered":"https:\/\/realestateanastasia.com\/legal"},"modified":"2024-12-04T12:02:11","modified_gmt":"2024-12-04T11:02:11","slug":"legal","status":"publish","type":"page","link":"https:\/\/realestateanastasia.com\/es\/legal","title":{"rendered":"Legal"},"content":{"rendered":"<p>[et_pb_section fb_built=&#8221;1&#8243; _builder_version=&#8221;4.27.4&#8243; _module_preset=&#8221;default&#8221; global_colors_info=&#8221;{}&#8221;][et_pb_row _builder_version=&#8221;4.27.4&#8243; _module_preset=&#8221;default&#8221; global_colors_info=&#8221;{}&#8221;][et_pb_column type=&#8221;4_4&#8243; _builder_version=&#8221;4.27.4&#8243; _module_preset=&#8221;default&#8221; global_colors_info=&#8221;{}&#8221;][et_pb_text _builder_version=&#8221;4.27.4&#8243; _module_preset=&#8221;default&#8221; global_colors_info=&#8221;{}&#8221;]<\/p>\n<p>Esta web es propiedad de Anastasia Szumik.<\/p>\n<p>Para cualquier pregunta o propuesta, p\u00f3ngase en contacto con nosotros en el correo electr\u00f3nico: barcelona@realestatebarcelona.com<\/p>\n<p>Este sitio web se rige por la normativa exclusivamente aplicable en Espa\u00f1a, quedando sometida a ella, tanto nacionales como extranjeros que utilicen este sitio web.<\/p>\n<p>El acceso a nuestro portal por parte del USUARIO es gratuito y est\u00e1 condicionado a la previa lectura y aceptaci\u00f3n \u00edntegra, expresa y sin reservas de las presentes CONDICIONES GENERALES DE USO vigentes en el momento del acceso, que rogamos lea detenidamente. El USUARIO en el momento que utiliza nuestro portal, sus contenidos o servicios, acepta y se somete expresamente a las condiciones generales de uso del mismo. Si el usuario no est\u00e1 de acuerdo con estas condiciones de uso, deber\u00e1 abstenerse de utilizar este portal y operar a trav\u00e9s del mismo.  <\/p>\n<p>En cualquier momento podremos modificar la presentaci\u00f3n y configuraci\u00f3n de nuestra Web, ampliar o reducir servicios, e incluso suprimirla de la Red, as\u00ed como los servicios y contenidos prestados, todo ello de forma unilateral y sin previo aviso.<\/p>\n<p><strong>A. PROPIEDAD INTELECTUAL<\/strong><\/p>\n<p>Todos los contenidos, textos, im\u00e1genes, marcas y c\u00f3digos fuente son de nuestra propiedad o de terceros, cuyos derechos de explotaci\u00f3n han sido adquiridos, y est\u00e1n protegidos por los derechos de Propiedad Intelectual e Industrial.<\/p>\n<p>El usuario \u00fanicamente tiene derecho a un uso privado de los mismos, sin \u00e1nimo de lucro, y necesita autorizaci\u00f3n expresa para modificarlos, reproducirlos, explotarlos, distribuirlos o cualquier derecho perteneciente a su titular.<\/p>\n<p><strong>B. CONDICIONES DE ACCESO<\/strong><\/p>\n<p>El acceso a nuestro sitio web es gratuito y no requiere previa suscripci\u00f3n o registro.<\/p>\n<p>El env\u00edo de datos personales implica la aceptaci\u00f3n expresa por parte del USUARIO de nuestra pol\u00edtica de privacidad.<\/p>\n<p>El usuario deber\u00e1 acceder a nuestro sitio web conforme a la buena fe, las normas de orden p\u00fablico y las presentes Condiciones Generales de uso. El acceso a nuestro sitio web se realiza bajo la \u00fanica y exclusiva responsabilidad del usuario, que responder\u00e1 en todo caso de los da\u00f1os y perjuicios que pueda causar a terceros o a nosotros mismos. <\/p>\n<p>Teniendo en cuenta la imposibilidad de control respecto a la informaci\u00f3n, contenidos y servicios que contengan otras p\u00e1ginas web a los que se pueda acceder a trav\u00e9s de los enlaces que nuestra p\u00e1gina web pueda poner a su disposici\u00f3n, le comunicamos que quedamos eximidos de cualquier responsabilidad por los da\u00f1os y perjuicios de toda clase que pudiesen derivar por la utilizaci\u00f3n de esas p\u00e1ginas web, ajenas a nuestra empresa, por parte del usuario.<\/p>\n<h4>POL\u00cdTICA DE PRIVACIDAD<\/h4>\n<p>La confidencialidad y la seguridad son valores primordiales de <i>Anastasia Szumik<\/i> y, en consecuencia, asumimos el compromiso de garantizar la privacidad del Usuario en todo momento y de no recabar informaci\u00f3n innecesaria. A continuaci\u00f3n, le facilitamos toda la informaci\u00f3n necesaria sobre nuestra Pol\u00edtica de Privacidad en relaci\u00f3n con los datos personales que recogemos, explic\u00e1ndole: <\/p>\n<ul>\n<li>Qui\u00e9n es responsable del tratamiento de sus datos.<\/li>\n<li>Para qu\u00e9 fines recogemos los datos que solicitamos.<\/li>\n<li>Cu\u00e1l es la legitimidad para su tratamiento.<\/li>\n<li>Por cu\u00e1nto tiempo los conservamos.<\/li>\n<li>A qu\u00e9 destinatarios se comunican sus datos.<\/li>\n<li>Cu\u00e1les son sus derechos.<\/li>\n<\/ul>\n<p><b>1. RESPONSABLE: ver datos en la cabecera.<\/b><\/p>\n<p><b>2. FINALIDADES, LEGITIMACI\u00d3N Y CONSERVACI\u00d3N del tratamiento de los datos enviados a trav\u00e9s de:<\/b><\/p>\n<p>Formulario de contacto.<\/p>\n<p>Finalidad: Facilitarle un medio para contactar con nosotros y atender sus solicitudes de informaci\u00f3n, as\u00ed como enviarle comunicaciones sobre nuestros productos, servicios y actividades, incluso por medios electr\u00f3nicos (correo electr\u00f3nico, SMS, WhatsApp), si marca la casilla de aceptaci\u00f3n.<br \/>Legitimaci\u00f3n: El consentimiento del usuario al solicitar informaci\u00f3n a trav\u00e9s de nuestro formulario de contacto y al marcar la casilla de aceptaci\u00f3n para el env\u00edo de informaci\u00f3n.<\/p>\n<p>Conservaci\u00f3n: Una vez resuelta tu solicitud a trav\u00e9s de nuestro formulario o contestada por correo electr\u00f3nico, si no has generado un nuevo tratamiento, y si has aceptado recibir env\u00edos comerciales, hasta que solicites su retirada.<!-- p--><\/p>\n<p>Env\u00edo de correos electr\u00f3nicos.<\/p>\n<p>Finalidad: Atender sus solicitudes de informaci\u00f3n, responder a sus peticiones y dar respuesta a sus consultas o dudas. En caso de recibir su Curriculum Vitae, sus datos personales y curriculares podr\u00e1n formar parte de nuestras bases de datos para participar en nuestros procesos de selecci\u00f3n presentes y futuros.<br \/>Legitimaci\u00f3n: El consentimiento del usuario para la solicitud de informaci\u00f3n a trav\u00e9s de la direcci\u00f3n de correo electr\u00f3nico o el env\u00edo de sus datos y Curriculum Vitae para participar en nuestros procesos de selecci\u00f3n. <\/p>\n<p>Conservaci\u00f3n: Una vez contestada su solicitud por correo electr\u00f3nico, si no ha generado un nuevo tratamiento. En el caso de recibir su CV, sus datos podr\u00e1n ser conservados durante un a\u00f1o como m\u00e1ximo para futuros procesos de selecci\u00f3n. <\/p>\n<p>Obligaci\u00f3n de facilitarnos sus datos personales y consecuencias de no hacerlo.<\/p>\n<p>El suministro de datos personales requiere una edad m\u00ednima de 14 a\u00f1os o, en su caso, tener capacidad jur\u00eddica suficiente para contratar.<\/p>\n<p>Los datos personales solicitados son necesarios para gestionar sus peticiones, darle de alta como usuario y\/o prestarle los servicios que pudiera contratar, por lo que si no nos los facilita, no podremos atenderle correctamente ni prestarle el servicio que nos haya solicitado.<\/p>\n<p>En cualquier caso, nos reservamos el derecho a decidir si incluimos o no sus datos personales y otra informaci\u00f3n en nuestras bases de datos.<\/p>\n<p><b>3.DESTINATARIOS DE SUS DATOS.<\/b><\/p>\n<p>Sus datos son confidenciales y no se transferir\u00e1n a terceros, salvo obligaci\u00f3n legal.<\/p>\n<p><b>4. DERECHOS EN RELACI\u00d3N CON SUS DATOS PERSONALES.<\/b><\/p>\n<p>Cualquier persona puede retirar su consentimiento en cualquier momento, cuando \u00e9ste haya sido otorgado para el tratamiento de sus datos. En ning\u00fan caso, la retirada de este consentimiento condiciona la ejecuci\u00f3n del contrato de suscripci\u00f3n o las relaciones generadas con anterioridad. <\/p>\n<ul>\n<ul>Asimismo, puede ejercer los siguientes derechos:<\/ul>\n<\/ul>\n<p>&nbsp;<\/p>\n<ul>\n<li>Solicitar el acceso a sus datos personales o su rectificaci\u00f3n cuando sean inexactos.<\/li>\n<li>Solicitar su supresi\u00f3n cuando, entre otros motivos, los datos ya no sean necesarios para los fines que fueron recogidos.<\/li>\n<li>Solicitar la limitaci\u00f3n de su tratamiento en determinadas circunstancias.<\/li>\n<li>Solicitar la oposici\u00f3n al tratamiento de sus datos por motivos relacionados con su situaci\u00f3n particular.<\/li>\n<li>Solicitar la portabilidad de los datos en los casos previstos en la normativa.<\/li>\n<li>Otros derechos reconocidos en la normativa aplicable.<\/li>\n<\/ul>\n<p>D\u00f3nde y c\u00f3mo solicitar sus Derechos: Mediante escrito dirigido al responsable a su direcci\u00f3n postal o electr\u00f3nica (indicada en el apartado A), indicando la referencia \u00abDatos Personales\u00bb, especificando el derecho que desea ejercitar y respecto de qu\u00e9 datos personales.<\/p>\n<p>En caso de desacuerdo con la empresa en relaci\u00f3n con el tratamiento de sus datos, puede presentar una reclamaci\u00f3n ante la Agencia de Protecci\u00f3n de Datos (www.agpd.es).<\/p>\n<p><b>5. SEGURIDAD DE SUS DATOS PERSONALES<\/b><\/p>\n<p>Con el fin de salvaguardar la seguridad de sus datos personales, le informamos que hemos adoptado todas las medidas de \u00edndole t\u00e9cnica y organizativa necesarias para garantizar la seguridad de los datos personales suministrados de su alteraci\u00f3n, p\u00e9rdida y tratamiento o acceso no autorizado.<\/p>\n<p><b>6. ACTUALIZACI\u00d3N DE LOS DATOS<\/b><\/p>\n<p>Es importante que para que podamos mantener sus datos personales actualizados, nos informe siempre que haya habido alguna modificaci\u00f3n en ellos, en caso contrario, no respondemos de la veracidad de los mismos.<\/p>\n<p>No nos hacemos responsables de la pol\u00edtica de privacidad respecto a los datos personales que pueda facilitar a terceros por medio de los enlaces disponibles en nuestra p\u00e1gina web.<\/p>\n<p>La presente Pol\u00edtica de Privacidad puede sufrir modificaciones para adaptarse a los cambios que se produzcan en nuestra web, as\u00ed como modificaciones legislativas o jurisprudenciales sobre datos personales que vayan apareciendo, por lo que exige su lectura, cada vez que nos facilite sus datos a trav\u00e9s de esta Web.<\/p>\n<h4>RESPONSABILIDADES<\/h4>\n<p>Al poner a disposici\u00f3n del usuario este sitio web, queremos ofrecer un servicio de calidad, empleando la m\u00e1xima diligencia en la prestaci\u00f3n del mismo, as\u00ed como en los medios tecnol\u00f3gicos utilizados. No obstante, no responderemos de la presencia de virus y otros elementos que de alg\u00fan modo puedan da\u00f1ar el sistema inform\u00e1tico del usuario. <\/p>\n<p>No garantizamos que la disponibilidad del servicio sea continua e ininterrumpida.<\/p>\n<p><b>El USUARIO<\/b> tiene prohibido cualquier tipo de acci\u00f3n sobre nuestro portal que origine una excesiva sobrecarga de funcionamiento a nuestros sistemas inform\u00e1ticos, as\u00ed como la introducci\u00f3n de virus, o instalaci\u00f3n de robots, o software que altere el normal funcionamiento de nuestra web, o en definitiva pueda causar da\u00f1os a nuestros sistemas inform\u00e1ticos.<\/p>\n<p><b>El USUARIO<\/b> asume toda la responsabilidad derivada del uso de nuestro sitio web.<\/p>\n<p>El USUARIO reconoce que ha entendido toda la informaci\u00f3n respecto a las condiciones de uso de nuestro portal, y reconoce que son suficientes para la exclusi\u00f3n de errores en las mismas, y por lo tanto, las acepta integra y expresamente.<\/p>\n<p style=\"text-align: right;\"><a href=\"https:\/\/www.nivelz.com\/\">Dise\u00f1o web<\/a> por Nivel Z<\/p>\n<p>[\/et_pb_text][\/et_pb_column][\/et_pb_row][\/et_pb_section]<\/p>\n","protected":false},"excerpt":{"rendered":"<p>Esta web es propiedad de Anastasia Szumik. Para cualquier pregunta o propuesta, p\u00f3ngase en contacto con nosotros en el correo electr\u00f3nico: barcelona@realestatebarcelona.com Este sitio web se rige por la normativa exclusivamente aplicable en Espa\u00f1a, quedando sometida a ella, tanto nacionales como extranjeros que utilicen este sitio web. El acceso a nuestro portal por parte del [&hellip;]<\/p>\n","protected":false},"author":1,"featured_media":0,"parent":0,"menu_order":0,"comment_status":"closed","ping_status":"closed","template":"","meta":{"_et_pb_use_builder":"on","_et_pb_old_content":"","_et_gb_content_width":"","footnotes":""},"class_list":["post-1136","page","type-page","status-publish","hentry"],"yoast_head":"<!-- This site is optimized with the Yoast SEO plugin v26.8 - https:\/\/yoast.com\/product\/yoast-seo-wordpress\/ -->\n<title>Legal - Anastasia Szumik<\/title>\n<meta name=\"robots\" content=\"index, follow, max-snippet:-1, max-image-preview:large, max-video-preview:-1\" \/>\n<link rel=\"canonical\" href=\"https:\/\/realestateanastasia.com\/legal\" \/>\n<meta property=\"og:locale\" content=\"es_ES\" \/>\n<meta property=\"og:type\" content=\"article\" \/>\n<meta property=\"og:title\" content=\"Legal - Anastasia Szumik\" \/>\n<meta property=\"og:description\" content=\"Esta web es propiedad de Anastasia Szumik. Para cualquier pregunta o propuesta, p\u00f3ngase en contacto con nosotros en el correo electr\u00f3nico: barcelona@realestatebarcelona.com Este sitio web se rige por la normativa exclusivamente aplicable en Espa\u00f1a, quedando sometida a ella, tanto nacionales como extranjeros que utilicen este sitio web. El acceso a nuestro portal por parte del [&hellip;]\" \/>\n<meta property=\"og:url\" content=\"https:\/\/realestateanastasia.com\/legal\" \/>\n<meta property=\"og:site_name\" content=\"Anastasia Szumik\" \/>\n<meta name=\"twitter:card\" content=\"summary_large_image\" \/>\n<meta name=\"twitter:label1\" content=\"Tiempo de lectura\" \/>\n\t<meta name=\"twitter:data1\" content=\"8 minutos\" \/>\n<!-- \/ Yoast SEO plugin. -->","yoast_head_json":{"title":"Legal - Anastasia Szumik","robots":{"index":"index","follow":"follow","max-snippet":"max-snippet:-1","max-image-preview":"max-image-preview:large","max-video-preview":"max-video-preview:-1"},"canonical":"https:\/\/realestateanastasia.com\/legal","og_locale":"es_ES","og_type":"article","og_title":"Legal - Anastasia Szumik","og_description":"Esta web es propiedad de Anastasia Szumik. Para cualquier pregunta o propuesta, p\u00f3ngase en contacto con nosotros en el correo electr\u00f3nico: barcelona@realestatebarcelona.com Este sitio web se rige por la normativa exclusivamente aplicable en Espa\u00f1a, quedando sometida a ella, tanto nacionales como extranjeros que utilicen este sitio web. El acceso a nuestro portal por parte del [&hellip;]","og_url":"https:\/\/realestateanastasia.com\/legal","og_site_name":"Anastasia Szumik","twitter_card":"summary_large_image","twitter_misc":{"Tiempo de lectura":"8 minutos"},"schema":{"@context":"https:\/\/schema.org","@graph":[{"@type":"WebPage","@id":"https:\/\/realestateanastasia.com\/legal","url":"https:\/\/realestateanastasia.com\/legal","name":"Legal - Anastasia Szumik","isPartOf":{"@id":"https:\/\/realestateanastasia.com\/#website"},"datePublished":"2024-12-04T11:02:11+00:00","breadcrumb":{"@id":"https:\/\/realestateanastasia.com\/legal#breadcrumb"},"inLanguage":"es","potentialAction":[{"@type":"ReadAction","target":["https:\/\/realestateanastasia.com\/legal"]}]},{"@type":"BreadcrumbList","@id":"https:\/\/realestateanastasia.com\/legal#breadcrumb","itemListElement":[{"@type":"ListItem","position":1,"name":"Home","item":"https:\/\/realestateanastasia.com\/"},{"@type":"ListItem","position":2,"name":"Legal"}]},{"@type":"WebSite","@id":"https:\/\/realestateanastasia.com\/#website","url":"https:\/\/realestateanastasia.com\/","name":"Anastasia Szumik","description":"","publisher":{"@id":"https:\/\/realestateanastasia.com\/#organization"},"potentialAction":[{"@type":"SearchAction","target":{"@type":"EntryPoint","urlTemplate":"https:\/\/realestateanastasia.com\/?s={search_term_string}"},"query-input":{"@type":"PropertyValueSpecification","valueRequired":true,"valueName":"search_term_string"}}],"inLanguage":"es"},{"@type":"Organization","@id":"https:\/\/realestateanastasia.com\/#organization","name":"Anastasia Szumik","url":"https:\/\/realestateanastasia.com\/","logo":{"@type":"ImageObject","inLanguage":"es","@id":"https:\/\/realestateanastasia.com\/#\/schema\/logo\/image\/","url":"https:\/\/realestateanastasia.com\/wp-content\/uploads\/2024\/12\/logo.png","contentUrl":"https:\/\/realestateanastasia.com\/wp-content\/uploads\/2024\/12\/logo.png","width":309,"height":311,"caption":"Anastasia Szumik"},"image":{"@id":"https:\/\/realestateanastasia.com\/#\/schema\/logo\/image\/"}}]}},"_links":{"self":[{"href":"https:\/\/realestateanastasia.com\/es\/wp-json\/wp\/v2\/pages\/1136","targetHints":{"allow":["GET"]}}],"collection":[{"href":"https:\/\/realestateanastasia.com\/es\/wp-json\/wp\/v2\/pages"}],"about":[{"href":"https:\/\/realestateanastasia.com\/es\/wp-json\/wp\/v2\/types\/page"}],"author":[{"embeddable":true,"href":"https:\/\/realestateanastasia.com\/es\/wp-json\/wp\/v2\/users\/1"}],"replies":[{"embeddable":true,"href":"https:\/\/realestateanastasia.com\/es\/wp-json\/wp\/v2\/comments?post=1136"}],"version-history":[{"count":0,"href":"https:\/\/realestateanastasia.com\/es\/wp-json\/wp\/v2\/pages\/1136\/revisions"}],"wp:attachment":[{"href":"https:\/\/realestateanastasia.com\/es\/wp-json\/wp\/v2\/media?parent=1136"}],"curies":[{"name":"wp","href":"https:\/\/api.w.org\/{rel}","templated":true}]}}